{"id":21,"date":"2017-06-16T14:43:15","date_gmt":"2017-06-16T12:43:15","guid":{"rendered":"http:\/\/phototherapie.be\/?page_id=21"},"modified":"2022-10-04T13:05:38","modified_gmt":"2022-10-04T11:05:38","slug":"contact","status":"publish","type":"page","link":"https:\/\/phototherapie.be\/index.php\/contact\/","title":{"rendered":"Contact"},"content":{"rendered":"\n<h3>\n\t\tAdresse\n\t<\/h3>\n\t<p>Rue du Vaux, 2<\/p>\n<p>4570 Marchin<\/p>\n<p>Belgique<\/p>\n<h3>\n\t\tE-mail\n\t<\/h3>\n\t\n\n<h3>\n\t\tT\u00e9l\u00e9phone\n\t<\/h3>\n\t<p>Fixe: +3285413735<\/p>\n<p>Mobile: +32494588375<\/p>\n\n<h3>\n\t\tHoraires\n\t<\/h3>\n\t<p>Tous les jours de 09h00 \u00e0 18h00<\/p>\n\t<iframe src=\"https:\/\/www.google.com\/maps\/embed\/v1\/place?q=Rue+du+Vaux+2%2C+Marchin%2C+4570&#038;key=AIzaSyD09zQ9PNDNNy9TadMuzRV_UsPUoWKntt8\" aria-hidden=\"true\"><\/iframe>\n<h1>\n\t\tContactez-nous\n\t<\/h1>\n\n","protected":false},"excerpt":{"rendered":"<p>Adresse Rue du Vaux, 2 4570 Marchin Belgique E-mail T\u00e9l\u00e9phone Fixe: +3285413735 Mobile: +32494588375 Horaires Tous les jours de 09h00 \u00e0 18h00 Contactez-nous<\/p>\n","protected":false},"author":1,"featured_media":0,"parent":0,"menu_order":0,"comment_status":"closed","ping_status":"closed","template":"","meta":[],"_links":{"self":[{"href":"https:\/\/phototherapie.be\/index.php\/wp-json\/wp\/v2\/pages\/21"}],"collection":[{"href":"https:\/\/phototherapie.be\/index.php\/wp-json\/wp\/v2\/pages"}],"about":[{"href":"https:\/\/phototherapie.be\/index.php\/wp-json\/wp\/v2\/types\/page"}],"author":[{"embeddable":true,"href":"https:\/\/phototherapie.be\/index.php\/wp-json\/wp\/v2\/users\/1"}],"replies":[{"embeddable":true,"href":"https:\/\/phototherapie.be\/index.php\/wp-json\/wp\/v2\/comments?post=21"}],"version-history":[{"count":7,"href":"https:\/\/phototherapie.be\/index.php\/wp-json\/wp\/v2\/pages\/21\/revisions"}],"predecessor-version":[{"id":502,"href":"https:\/\/phototherapie.be\/index.php\/wp-json\/wp\/v2\/pages\/21\/revisions\/502"}],"wp:attachment":[{"href":"https:\/\/phototherapie.be\/index.php\/wp-json\/wp\/v2\/media?parent=21"}],"curies":[{"name":"wp","href":"https:\/\/api.w.org\/{rel}","templated":true}]}}