{"id":251,"date":"2017-07-04T12:00:11","date_gmt":"2017-07-04T10:00:11","guid":{"rendered":"http:\/\/phototherapie.be\/?page_id=251"},"modified":"2022-10-04T13:06:29","modified_gmt":"2022-10-04T11:06:29","slug":"pour-qui-2","status":"publish","type":"page","link":"https:\/\/phototherapie.be\/index.php\/pour-qui-2\/","title":{"rendered":"A propos"},"content":{"rendered":"\n\n\t<h4>A Propos<br \/>\n<\/h4>\n<h4>Comment en suis-je arriv\u00e9 \u00e0 la Phototh\u00e9rapie ?<br \/>\n<\/h4>\n\t<h2>Comment en suis-je arriv\u00e9 \u00e0 la Phototh\u00e9rapie\u00a0<\/h2>\n<p>Jean Mahaux est photographe professionnel. Apr\u00e8s une carri\u00e8re aux Etats Unis dans la mode, la publicit\u00e9 et les portraits de c\u00e9l\u00e9brit\u00e9s, il se r\u00e9installe en Belgique.<\/p>\n<p>Il d\u00e9veloppe une approche originale de la photographie : la <u>phototh\u00e9rapie<\/u>, phototherapie (EST) d&rsquo;estime de soi qui vise \u00e0 booster la confiance en soi du mod\u00e8le d&rsquo;un jour.<\/p>\n<p>N\u00e9 \u00e0 Ougr\u00e9e, Jean Mahaux travaille longtemps \u00e0 New York en assistant plusieurs photographes c\u00e9l\u00e8bres de mode, de pub et de c\u00e9l\u00e9brit\u00e9s. Il cr\u00e9e son propre studio, fournit des photos \u00e0 l&rsquo;agence Getty. Il signe les visuels de campagnes publicitaires et travaille pour des magazine de mode \u00e0 Paris et en Belgique<\/p>\n<p>Assistant au concours Model Look of the Year de l&rsquo;agence Elite, il est choqu\u00e9 par la mani\u00e8re dont sont trait\u00e9es les jeunes mannequins. Il comprend \u00e9galement les d\u00e9g\u00e2ts de l&rsquo;industrie de l&rsquo;image sur l&rsquo;estime de soi des femmes et des jeunes filles.<\/p>\n<p>En 2000 , il met sa carri\u00e8re commerciale en veilleuse. Fort de son exp\u00e9rience de photographe, sensibilis\u00e9 \u00e0 la cause des femmes, il entend utiliser d\u00e9sormais l&rsquo;objectif comme un outil th\u00e9rapeutique.<\/p>\n<p>Le photographe collabore avec des coiffeuses et des maquilleuses professionnelles, mais aussi avec des m\u00e9decins, psychologues et chercheurs d&rsquo;universit\u00e9.<\/p>\n<p>&nbsp;<\/p>\n\t<h3><strong>Des questions ? Des commentaires ?<br \/>\n<\/strong>Partagez-nous votre ressenti<\/h3>\n\n","protected":false},"excerpt":{"rendered":"<p>A Propos Comment en suis-je arriv\u00e9 \u00e0 la Phototh\u00e9rapie ? Comment en suis-je arriv\u00e9 \u00e0 la Phototh\u00e9rapie\u00a0 Jean Mahaux est photographe professionnel. Apr\u00e8s une carri\u00e8re aux Etats Unis dans la mode, la publicit\u00e9 et les portraits de c\u00e9l\u00e9brit\u00e9s, il se r\u00e9installe en Belgique. Il d\u00e9veloppe une approche originale de la photographie : la phototh\u00e9rapie, phototherapie&hellip;<\/p>\n","protected":false},"author":1,"featured_media":0,"parent":0,"menu_order":0,"comment_status":"closed","ping_status":"closed","template":"","meta":[],"_links":{"self":[{"href":"https:\/\/phototherapie.be\/index.php\/wp-json\/wp\/v2\/pages\/251"}],"collection":[{"href":"https:\/\/phototherapie.be\/index.php\/wp-json\/wp\/v2\/pages"}],"about":[{"href":"https:\/\/phototherapie.be\/index.php\/wp-json\/wp\/v2\/types\/page"}],"author":[{"embeddable":true,"href":"https:\/\/phototherapie.be\/index.php\/wp-json\/wp\/v2\/users\/1"}],"replies":[{"embeddable":true,"href":"https:\/\/phototherapie.be\/index.php\/wp-json\/wp\/v2\/comments?post=251"}],"version-history":[{"count":5,"href":"https:\/\/phototherapie.be\/index.php\/wp-json\/wp\/v2\/pages\/251\/revisions"}],"predecessor-version":[{"id":503,"href":"https:\/\/phototherapie.be\/index.php\/wp-json\/wp\/v2\/pages\/251\/revisions\/503"}],"wp:attachment":[{"href":"https:\/\/phototherapie.be\/index.php\/wp-json\/wp\/v2\/media?parent=251"}],"curies":[{"name":"wp","href":"https:\/\/api.w.org\/{rel}","templated":true}]}}