{"id":286,"date":"2018-03-03T15:20:17","date_gmt":"2018-03-03T14:20:17","guid":{"rendered":"http:\/\/phototherapie.be\/?page_id=286"},"modified":"2022-10-04T13:08:22","modified_gmt":"2022-10-04T11:08:22","slug":"photoboost","status":"publish","type":"page","link":"https:\/\/phototherapie.be\/index.php\/photoboost\/","title":{"rendered":"Photoboost"},"content":{"rendered":"\n\n\t<h4>Photoboost<\/h4>\n<h4>Booster l&rsquo;estime de soi au f\u00e9minin avec la phototh\u00e9rapie en entreprise<br \/>\n<\/h4>\n\t<h1>Photoboost : Booster l&rsquo;estime de soi au f\u00e9minin avec la phototh\u00e9rapie en entreprise<br \/>\n<\/h1>\n<p>&nbsp;<\/p>\n<p>Les femmes sont de plus en plus pr\u00e9sentes dans l&rsquo;entreprise, \u00e0 des postes souvent d\u00e9cisionnaires. Une \u00e9volution positive qui devrait s&rsquo;accentuer.<\/p>\n<p>&nbsp;<\/p>\n<p>Vous faites partie d&rsquo;entre elles, vous cr\u00e9ez votre propre soci\u00e9t\u00e9 ? Vous serez amen\u00e9e \u00e0 parler en public, diriger des groupes de travail mixtes, repr\u00e9senter votre compagnie&#8230;<\/p>\n<p>&nbsp;<\/p>\n<p>Pour cela, \u00e0 l&rsquo;inverse des hommes, vous ne pouvez vous appuyer sur le costume et les codes virils traditionnels qui inspirent cr\u00e9dibilit\u00e9, respectabilit\u00e9. Peut-\u00eatre votre ego est-il moins pro\u00e9minent. Peut-\u00eatre cultivez-vous une vision diff\u00e9rente des relations avec vos employ\u00e9s et\/ou subordonn\u00e9s. Peut-\u00eatre vous posez-vous des questions sur l&rsquo;autorit\u00e9, mieux accept\u00e9e lorsqu&rsquo;elle est masculine&#8230; Comment affirmer son autorit\u00e9 et sa cr\u00e9dibilit\u00e9 sans refouler sa f\u00e9minit\u00e9, et inversement ?<\/p>\n\t\t\t\t<img src=\"http:\/\/phototherapie.be\/wp-content\/uploads\/2017\/06\/Capture-d'e\u0301cran-2017-06-15-a\u0300-11.18.44-1024x699-circle.png\" alt=\"Capture-d'e\u0301cran-2017-06-15-a\u0300-11.18.44-1024x699-circle\" itemprop=\"image\" title=\"Capture-d'e\u0301cran-2017-06-15-a\u0300-11.18.44-1024x699-circle\" onerror=\"this.style.display='none'\"  \/>\n\t\n\t<p>&nbsp;<\/p>\n<p>Une journ\u00e9e de phototh\u00e9rapie vous aidera peut-\u00eatre \u00e0 mieux comprendre toutes les facettes gagnantes de votre personnalit\u00e9, y compris celles que vous refoulez par crainte du jugement des autres, de d\u00e9stabilisation facile ou d&rsquo;atteinte \u00e0 votre cr\u00e9dibilit\u00e9.<\/p>\n<p>Ces questions, ces inqui\u00e9tudes, on peut les analyser au travers des photos. L&rsquo;objectif porte bien son nom: il ne ment pas. Il accompagne le travail d&rsquo;introspection qui, en renfor\u00e7ant l&rsquo;estime de soi, permet d&rsquo; imposer en douceur sa vision, mais avec fermet\u00e9 et succ\u00e8s.<\/p>\n<p>Permettre \u00e0 chaque femme d&rsquo;exprimer sa puissance, sa f\u00e9minit\u00e9, sa vision. Avec fiert\u00e9 tout en restant soi- m\u00eame, sans compromis : c&rsquo;est l&rsquo;objectif de la phototh\u00e9rapie.<\/p>\n<p>&nbsp;<\/p>\n<p>PS: Ma vie, ma carri\u00e8re auraient \u00e9t\u00e9 tout autres si, sur mon chemin, il n&rsquo;y avait pas eu ces femmes qui m&rsquo;ont donn\u00e9 ma premi\u00e8re chance, tr\u00e8s jeune. Puis les autres, plus passionnantes encore, qui se sont battues pour m&rsquo;imposer plus tard. Alors, oui, j&rsquo;aimerais rendre l&rsquo;\u00e9nergie re\u00e7ue, rendre plus fortes les femmes afin qu&rsquo;elles puissent soutenir d&rsquo;autres visions qui leur sont propres et dont le monde \u00e0 tellement besoin.<\/p>\n<p>&nbsp;<\/p>\n<p>Voil\u00e0 ce qui m&rsquo;a donn\u00e9 le kick pour d\u00e9velopper cette discipline neuve et originale.<\/p>\n<p>La phototh\u00e9rapie est aussi un bon moyen de cr\u00e9er des liens au sein de l&rsquo;entreprise.<\/p>\n<p>Ce que l&rsquo;on appelle g\u00e9n\u00e9ralement \u00ab\u00a0Team building\u00a0\u00bb bien plus que des mots, je vous invite a \u00e9couter ce t\u00e9moignage :<\/p>\n\n\t<h3><strong>Contactez nous pour en savoir plus sur Photoboost<br \/>\n<\/strong>gr\u00e2ce au formulaire ci-dessous<br \/>\n<\/h3>\n\n","protected":false},"excerpt":{"rendered":"<p>Photoboost Booster l&rsquo;estime de soi au f\u00e9minin avec la phototh\u00e9rapie en entreprise Photoboost : Booster l&rsquo;estime de soi au f\u00e9minin avec la phototh\u00e9rapie en entreprise &nbsp; Les femmes sont de plus en plus pr\u00e9sentes dans l&rsquo;entreprise, \u00e0 des postes souvent d\u00e9cisionnaires. Une \u00e9volution positive qui devrait s&rsquo;accentuer. &nbsp; Vous faites partie d&rsquo;entre elles, vous cr\u00e9ez&hellip;<\/p>\n","protected":false},"author":1,"featured_media":0,"parent":0,"menu_order":0,"comment_status":"closed","ping_status":"closed","template":"","meta":[],"_links":{"self":[{"href":"https:\/\/phototherapie.be\/index.php\/wp-json\/wp\/v2\/pages\/286"}],"collection":[{"href":"https:\/\/phototherapie.be\/index.php\/wp-json\/wp\/v2\/pages"}],"about":[{"href":"https:\/\/phototherapie.be\/index.php\/wp-json\/wp\/v2\/types\/page"}],"author":[{"embeddable":true,"href":"https:\/\/phototherapie.be\/index.php\/wp-json\/wp\/v2\/users\/1"}],"replies":[{"embeddable":true,"href":"https:\/\/phototherapie.be\/index.php\/wp-json\/wp\/v2\/comments?post=286"}],"version-history":[{"count":5,"href":"https:\/\/phototherapie.be\/index.php\/wp-json\/wp\/v2\/pages\/286\/revisions"}],"predecessor-version":[{"id":507,"href":"https:\/\/phototherapie.be\/index.php\/wp-json\/wp\/v2\/pages\/286\/revisions\/507"}],"wp:attachment":[{"href":"https:\/\/phototherapie.be\/index.php\/wp-json\/wp\/v2\/media?parent=286"}],"curies":[{"name":"wp","href":"https:\/\/api.w.org\/{rel}","templated":true}]}}